{"id":182,"date":"2023-01-06T11:37:08","date_gmt":"2023-01-06T11:37:08","guid":{"rendered":"https:\/\/qn-training.com\/?page_id=182"},"modified":"2025-10-13T13:47:51","modified_gmt":"2025-10-13T13:47:51","slug":"moderation","status":"publish","type":"page","link":"https:\/\/qn-training.com\/en\/moderation\/","title":{"rendered":"Moderation"},"content":{"rendered":"<div data-elementor-type=\"wp-page\" data-elementor-id=\"182\" class=\"elementor elementor-182\" data-elementor-post-type=\"page\">\n\t\t\t\t\t\t<section class=\"elementor-section elementor-top-section elementor-element elementor-element-b5d3e0d elementor-section-height-min-height elementor-section-boxed elementor-section-height-default elementor-section-items-middle\" data-id=\"b5d3e0d\" data-element_type=\"section\" data-e-type=\"section\" data-settings=\"{&quot;background_background&quot;:&quot;classic&quot;}\">\n\t\t\t\t\t\t\t<div class=\"elementor-background-overlay\"><\/div>\n\t\t\t\t\t\t\t<div class=\"elementor-container elementor-column-gap-default\">\n\t\t\t\t\t<div class=\"elementor-column elementor-col-100 elementor-top-column elementor-element elementor-element-e4ddd54\" data-id=\"e4ddd54\" data-element_type=\"column\" data-e-type=\"column\">\n\t\t\t<div class=\"elementor-widget-wrap elementor-element-populated\">\n\t\t\t\t\t\t<div class=\"elementor-element elementor-element-6998667 elementor-widget-divider--view-line_text elementor-widget-divider--element-align-center elementor-widget elementor-widget-divider\" data-id=\"6998667\" data-element_type=\"widget\" data-e-type=\"widget\" data-widget_type=\"divider.default\">\n\t\t\t\t<div class=\"elementor-widget-container\">\n\t\t\t\t\t\t\t<div class=\"elementor-divider\">\n\t\t\t<span class=\"elementor-divider-separator\">\n\t\t\t\t\t\t\t<span class=\"elementor-divider__text elementor-divider__element\">\n\t\t\t\tProject management\t\t\t\t<\/span>\n\t\t\t\t\t\t<\/span>\n\t\t<\/div>\n\t\t\t\t\t\t<\/div>\n\t\t\t\t<\/div>\n\t\t\t\t<div class=\"elementor-element elementor-element-c242349 elementor-widget-divider--view-line elementor-widget elementor-widget-divider\" data-id=\"c242349\" data-element_type=\"widget\" data-e-type=\"widget\" data-widget_type=\"divider.default\">\n\t\t\t\t<div class=\"elementor-widget-container\">\n\t\t\t\t\t\t\t<div class=\"elementor-divider\">\n\t\t\t<span class=\"elementor-divider-separator\">\n\t\t\t\t\t\t<\/span>\n\t\t<\/div>\n\t\t\t\t\t\t<\/div>\n\t\t\t\t<\/div>\n\t\t\t\t\t<\/div>\n\t\t<\/div>\n\t\t\t\t\t<\/div>\n\t\t<\/section>\n\t\t\t\t<section class=\"elementor-section elementor-top-section elementor-element elementor-element-9a28e87 elementor-section-boxed elementor-section-height-default elementor-section-height-default\" data-id=\"9a28e87\" data-element_type=\"section\" data-e-type=\"section\">\n\t\t\t\t\t\t<div class=\"elementor-container elementor-column-gap-default\">\n\t\t\t\t\t<div class=\"elementor-column elementor-col-100 elementor-top-column elementor-element elementor-element-a272832\" data-id=\"a272832\" data-element_type=\"column\" data-e-type=\"column\">\n\t\t\t<div class=\"elementor-widget-wrap elementor-element-populated\">\n\t\t\t\t\t\t<section class=\"elementor-section elementor-inner-section elementor-element elementor-element-32f84e1 elementor-section-boxed elementor-section-height-default elementor-section-height-default\" data-id=\"32f84e1\" data-element_type=\"section\" data-e-type=\"section\" data-settings=\"{&quot;background_background&quot;:&quot;classic&quot;}\">\n\t\t\t\t\t\t<div class=\"elementor-container elementor-column-gap-default\">\n\t\t\t\t\t<div class=\"elementor-column elementor-col-100 elementor-inner-column elementor-element elementor-element-bb6e485\" data-id=\"bb6e485\" data-element_type=\"column\" data-e-type=\"column\" data-settings=\"{&quot;background_background&quot;:&quot;classic&quot;}\">\n\t\t\t<div class=\"elementor-widget-wrap elementor-element-populated\">\n\t\t\t\t\t\t<div class=\"elementor-element elementor-element-8798161 elementor-widget elementor-widget-heading\" data-id=\"8798161\" data-element_type=\"widget\" data-e-type=\"widget\" data-widget_type=\"heading.default\">\n\t\t\t\t<div class=\"elementor-widget-container\">\n\t\t\t\t\t<h1 class=\"elementor-heading-title elementor-size-default\"><i>\u201eWir k\u00f6nnen die Windrichtung nicht bestimmen, <\/i><br><i>aber wir k\u00f6nnen die Segel richtig setzen <\/i><\/h1>\t\t\t\t<\/div>\n\t\t\t\t<\/div>\n\t\t\t\t<div class=\"elementor-element elementor-element-b8389f0 elementor-widget elementor-widget-text-editor\" data-id=\"b8389f0\" data-element_type=\"widget\" data-e-type=\"widget\" data-widget_type=\"text-editor.default\">\n\t\t\t\t<div class=\"elementor-widget-container\">\n\t\t\t\t\t\t\t\t\t<p>(Aristoteles)<\/p>\t\t\t\t\t\t\t\t<\/div>\n\t\t\t\t<\/div>\n\t\t\t\t\t<\/div>\n\t\t<\/div>\n\t\t\t\t\t<\/div>\n\t\t<\/section>\n\t\t\t\t<div class=\"elementor-element elementor-element-13a1745 elementor-widget-divider--view-line_text elementor-widget-divider--element-align-center elementor-widget elementor-widget-divider\" data-id=\"13a1745\" data-element_type=\"widget\" data-e-type=\"widget\" data-widget_type=\"divider.default\">\n\t\t\t\t<div class=\"elementor-widget-container\">\n\t\t\t\t\t\t\t<div class=\"elementor-divider\">\n\t\t\t<span class=\"elementor-divider-separator\">\n\t\t\t\t\t\t\t<span class=\"elementor-divider__text elementor-divider__element\">\n\t\t\t\tMit einem Engagement zur Leitung von Changeprojekten<br> my clients can expect from me that\t\t\t\t<\/span>\n\t\t\t\t\t\t<\/span>\n\t\t<\/div>\n\t\t\t\t\t\t<\/div>\n\t\t\t\t<\/div>\n\t\t\t\t<section class=\"elementor-section elementor-inner-section elementor-element elementor-element-4244cbd elementor-section-boxed elementor-section-height-default elementor-section-height-default\" data-id=\"4244cbd\" data-element_type=\"section\" data-e-type=\"section\">\n\t\t\t\t\t\t<div class=\"elementor-container elementor-column-gap-default\">\n\t\t\t\t\t<div class=\"elementor-column elementor-col-33 elementor-inner-column elementor-element elementor-element-98b0c39\" data-id=\"98b0c39\" data-element_type=\"column\" data-e-type=\"column\" data-settings=\"{&quot;background_background&quot;:&quot;classic&quot;}\">\n\t\t\t<div class=\"elementor-widget-wrap elementor-element-populated\">\n\t\t\t\t\t\t<div class=\"elementor-element elementor-element-142b5b9 elementor-view-stacked elementor-shape-circle elementor-position-block-start elementor-mobile-position-block-start elementor-widget elementor-widget-icon-box\" data-id=\"142b5b9\" data-element_type=\"widget\" data-e-type=\"widget\" data-widget_type=\"icon-box.default\">\n\t\t\t\t<div class=\"elementor-widget-container\">\n\t\t\t\t\t\t\t<div class=\"elementor-icon-box-wrapper\">\n\n\t\t\t\t\t\t<div class=\"elementor-icon-box-icon\">\n\t\t\t\t<span  class=\"elementor-icon\">\n\t\t\t\t<i aria-hidden=\"true\" class=\"fas fa-handshake\"><\/i>\t\t\t\t<\/span>\n\t\t\t<\/div>\n\t\t\t\n\t\t\t\t\t\t<div class=\"elementor-icon-box-content\">\n\n\t\t\t\t\t\t\t\t\t<h2 class=\"elementor-icon-box-title\">\n\t\t\t\t\t\t<span  >\n\t\t\t\t\t\t\tResults orientated\t\t\t\t\t\t<\/span>\n\t\t\t\t\t<\/h2>\n\t\t\t\t\n\t\t\t\t\t\t\t\t\t<p class=\"elementor-icon-box-description\">\n\t\t\t\t\t\t\u2026 events will run promptly, disciplined with respect to content and emotions and will conclude with a result\t\t\t\t\t<\/p>\n\t\t\t\t\n\t\t\t<\/div>\n\t\t\t\n\t\t<\/div>\n\t\t\t\t\t\t<\/div>\n\t\t\t\t<\/div>\n\t\t\t\t\t<\/div>\n\t\t<\/div>\n\t\t\t\t<div class=\"elementor-column elementor-col-33 elementor-inner-column elementor-element elementor-element-d5604eb\" data-id=\"d5604eb\" data-element_type=\"column\" data-e-type=\"column\" data-settings=\"{&quot;background_background&quot;:&quot;classic&quot;}\">\n\t\t\t<div class=\"elementor-widget-wrap elementor-element-populated\">\n\t\t\t\t\t\t<div class=\"elementor-element elementor-element-1a08bdb elementor-view-stacked elementor-shape-circle elementor-position-block-start elementor-mobile-position-block-start elementor-widget elementor-widget-icon-box\" data-id=\"1a08bdb\" data-element_type=\"widget\" data-e-type=\"widget\" data-widget_type=\"icon-box.default\">\n\t\t\t\t<div class=\"elementor-widget-container\">\n\t\t\t\t\t\t\t<div class=\"elementor-icon-box-wrapper\">\n\n\t\t\t\t\t\t<div class=\"elementor-icon-box-icon\">\n\t\t\t\t<span  class=\"elementor-icon\">\n\t\t\t\t<i aria-hidden=\"true\" class=\"fas fa-bolt\"><\/i>\t\t\t\t<\/span>\n\t\t\t<\/div>\n\t\t\t\n\t\t\t\t\t\t<div class=\"elementor-icon-box-content\">\n\n\t\t\t\t\t\t\t\t\t<h2 class=\"elementor-icon-box-title\">\n\t\t\t\t\t\t<span  >\n\t\t\t\t\t\t\tFlexibel\t\t\t\t\t\t<\/span>\n\t\t\t\t\t<\/h2>\n\t\t\t\t\n\t\t\t\t\t\t\t\t\t<p class=\"elementor-icon-box-description\">\n\t\t\t\t\t\t\u2026 wenn sich Rahmenbedingungen und Anforderungen \u00e4ndern, sich auch Abl\u00e4ufe im Projekt \u00e4ndern.\t\t\t\t\t<\/p>\n\t\t\t\t\n\t\t\t<\/div>\n\t\t\t\n\t\t<\/div>\n\t\t\t\t\t\t<\/div>\n\t\t\t\t<\/div>\n\t\t\t\t\t<\/div>\n\t\t<\/div>\n\t\t\t\t<div class=\"elementor-column elementor-col-33 elementor-inner-column elementor-element elementor-element-c6d1361\" data-id=\"c6d1361\" data-element_type=\"column\" data-e-type=\"column\" data-settings=\"{&quot;background_background&quot;:&quot;classic&quot;}\">\n\t\t\t<div class=\"elementor-widget-wrap elementor-element-populated\">\n\t\t\t\t\t\t<div class=\"elementor-element elementor-element-018897b elementor-view-stacked elementor-shape-circle elementor-position-block-start elementor-mobile-position-block-start elementor-widget elementor-widget-icon-box\" data-id=\"018897b\" data-element_type=\"widget\" data-e-type=\"widget\" data-widget_type=\"icon-box.default\">\n\t\t\t\t<div class=\"elementor-widget-container\">\n\t\t\t\t\t\t\t<div class=\"elementor-icon-box-wrapper\">\n\n\t\t\t\t\t\t<div class=\"elementor-icon-box-icon\">\n\t\t\t\t<span  class=\"elementor-icon\">\n\t\t\t\t<i aria-hidden=\"true\" class=\"far fa-address-card\"><\/i>\t\t\t\t<\/span>\n\t\t\t<\/div>\n\t\t\t\n\t\t\t\t\t\t<div class=\"elementor-icon-box-content\">\n\n\t\t\t\t\t\t\t\t\t<h2 class=\"elementor-icon-box-title\">\n\t\t\t\t\t\t<span  >\n\t\t\t\t\t\t\tDocumented\t\t\t\t\t\t<\/span>\n\t\t\t\t\t<\/h2>\n\t\t\t\t\n\t\t\t\t\t\t\t\t\t<p class=\"elementor-icon-box-description\">\n\t\t\t\t\t\t\u2026 the achieved results will be documented and processed for further use.\t\t\t\t\t<\/p>\n\t\t\t\t\n\t\t\t<\/div>\n\t\t\t\n\t\t<\/div>\n\t\t\t\t\t\t<\/div>\n\t\t\t\t<\/div>\n\t\t\t\t\t<\/div>\n\t\t<\/div>\n\t\t\t\t\t<\/div>\n\t\t<\/section>\n\t\t\t\t<div class=\"elementor-element elementor-element-6767c14 elementor-widget-divider--view-line_text elementor-widget-divider--element-align-center elementor-widget elementor-widget-divider\" data-id=\"6767c14\" data-element_type=\"widget\" data-e-type=\"widget\" data-widget_type=\"divider.default\">\n\t\t\t\t<div class=\"elementor-widget-container\">\n\t\t\t\t\t\t\t<div class=\"elementor-divider\">\n\t\t\t<span class=\"elementor-divider-separator\">\n\t\t\t\t\t\t\t<span class=\"elementor-divider__text elementor-divider__element\">\n\t\t\t\t Auf der Basis eines Kundenbriefings leite ich:\t\t\t\t<\/span>\n\t\t\t\t\t\t<\/span>\n\t\t<\/div>\n\t\t\t\t\t\t<\/div>\n\t\t\t\t<\/div>\n\t\t\t\t<section class=\"elementor-section elementor-inner-section elementor-element elementor-element-ad96499 elementor-section-boxed elementor-section-height-default elementor-section-height-default\" data-id=\"ad96499\" data-element_type=\"section\" data-e-type=\"section\">\n\t\t\t\t\t\t<div class=\"elementor-container elementor-column-gap-default\">\n\t\t\t\t\t<div class=\"elementor-column elementor-col-100 elementor-inner-column elementor-element elementor-element-91052ab\" data-id=\"91052ab\" data-element_type=\"column\" data-e-type=\"column\">\n\t\t\t<div class=\"elementor-widget-wrap elementor-element-populated\">\n\t\t\t\t\t\t<div class=\"elementor-element elementor-element-3541201 elementor-tabs-alignment-stretch elementor-tabs-view-horizontal elementor-widget elementor-widget-tabs\" data-id=\"3541201\" data-element_type=\"widget\" data-e-type=\"widget\" data-widget_type=\"tabs.default\">\n\t\t\t\t<div class=\"elementor-widget-container\">\n\t\t\t\t\t\t\t<div class=\"elementor-tabs\">\n\t\t\t<div class=\"elementor-tabs-wrapper\" role=\"tablist\" >\n\t\t\t\t\t\t\t\t\t<div id=\"elementor-tab-title-5581\" class=\"elementor-tab-title elementor-tab-desktop-title\" aria-selected=\"true\" data-tab=\"1\" role=\"tab\" tabindex=\"0\" aria-controls=\"elementor-tab-content-5581\" aria-expanded=\"false\">Performancesteigerungen<\/div>\n\t\t\t\t\t\t\t\t\t<div id=\"elementor-tab-title-5582\" class=\"elementor-tab-title elementor-tab-desktop-title\" aria-selected=\"false\" data-tab=\"2\" role=\"tab\" tabindex=\"-1\" aria-controls=\"elementor-tab-content-5582\" aria-expanded=\"false\">Softwareimplementierungen<\/div>\n\t\t\t\t\t\t\t\t\t<div id=\"elementor-tab-title-5583\" class=\"elementor-tab-title elementor-tab-desktop-title\" aria-selected=\"false\" data-tab=\"3\" role=\"tab\" tabindex=\"-1\" aria-controls=\"elementor-tab-content-5583\" aria-expanded=\"false\">Prozess\u00e4nderungen<\/div>\n\t\t\t\t\t\t\t\t\t<div id=\"elementor-tab-title-5584\" class=\"elementor-tab-title elementor-tab-desktop-title\" aria-selected=\"false\" data-tab=\"4\" role=\"tab\" tabindex=\"-1\" aria-controls=\"elementor-tab-content-5584\" aria-expanded=\"false\">Organisationsentwicklungen<\/div>\n\t\t\t\t\t\t\t<\/div>\n\t\t\t<div class=\"elementor-tabs-content-wrapper\" role=\"tablist\" aria-orientation=\"vertical\">\n\t\t\t\t\t\t\t\t\t<div class=\"elementor-tab-title elementor-tab-mobile-title\" aria-selected=\"true\" data-tab=\"1\" role=\"tab\" tabindex=\"0\" aria-controls=\"elementor-tab-content-5581\" aria-expanded=\"false\">Performancesteigerungen<\/div>\n\t\t\t\t\t<div id=\"elementor-tab-content-5581\" class=\"elementor-tab-content elementor-clearfix\" data-tab=\"1\" role=\"tabpanel\" aria-labelledby=\"elementor-tab-title-5581\" tabindex=\"0\" hidden=\"false\"><p><img fetchpriority=\"high\" decoding=\"async\" class=\"wp-image-1581 size-medium alignleft\" src=\"https:\/\/qn-training.com\/wp-content\/uploads\/2025\/10\/P_Performance_1200-300x200.png\" alt=\"\" width=\"300\" height=\"200\" srcset=\"https:\/\/qn-training.com\/wp-content\/uploads\/2025\/10\/P_Performance_1200-300x200.png 300w, https:\/\/qn-training.com\/wp-content\/uploads\/2025\/10\/P_Performance_1200-1024x683.png 1024w, https:\/\/qn-training.com\/wp-content\/uploads\/2025\/10\/P_Performance_1200-768x512.png 768w, https:\/\/qn-training.com\/wp-content\/uploads\/2025\/10\/P_Performance_1200-18x12.png 18w, https:\/\/qn-training.com\/wp-content\/uploads\/2025\/10\/P_Performance_1200.png 1200w\" sizes=\"(max-width: 300px) 100vw, 300px\" \/>Ver\u00e4nderungsprozesse zur Steigerung der Performance starten mit einer Zielvorgabe und einer oft schwierigen Ausgangssituation. Gleichzeitig werden z\u00fcgig sichtbare Ergebnisse eingefordert.<\/p><p>Mit einem auf den Kunden zugeschnittenden Team leiten wir nicht nur das Projekt als solches, sondern qualifizieren die betreffenden F\u00fchrungskr\u00e4fte, f\u00f6rdern die Zusammenarbeit zwischen den eingebundenen Organisationseinheiten, unterst\u00fctzen die Entwicklung einer positiven Kommunikationskultur und messen transparent und nachvollziehbar den Fortschritt des Erreichten.<\/p><\/div>\n\t\t\t\t\t\t\t\t\t<div class=\"elementor-tab-title elementor-tab-mobile-title\" aria-selected=\"false\" data-tab=\"2\" role=\"tab\" tabindex=\"-1\" aria-controls=\"elementor-tab-content-5582\" aria-expanded=\"false\">Softwareimplementierungen<\/div>\n\t\t\t\t\t<div id=\"elementor-tab-content-5582\" class=\"elementor-tab-content elementor-clearfix\" data-tab=\"2\" role=\"tabpanel\" aria-labelledby=\"elementor-tab-title-5582\" tabindex=\"0\" hidden=\"hidden\"><p><img decoding=\"async\" class=\"wp-image-1590 size-medium alignleft\" src=\"https:\/\/qn-training.com\/wp-content\/uploads\/2025\/10\/P_Software_1200-300x216.png\" alt=\"\" width=\"300\" height=\"216\" srcset=\"https:\/\/qn-training.com\/wp-content\/uploads\/2025\/10\/P_Software_1200-300x216.png 300w, https:\/\/qn-training.com\/wp-content\/uploads\/2025\/10\/P_Software_1200-1024x736.png 1024w, https:\/\/qn-training.com\/wp-content\/uploads\/2025\/10\/P_Software_1200-768x552.png 768w, https:\/\/qn-training.com\/wp-content\/uploads\/2025\/10\/P_Software_1200-18x12.png 18w, https:\/\/qn-training.com\/wp-content\/uploads\/2025\/10\/P_Software_1200.png 1200w\" sizes=\"(max-width: 300px) 100vw, 300px\" \/><\/p><p>Der Erfolg von Softwareimplementierungen wird letztendlich durch die Akzeptanz der Benutzer bestimmt. Und diese h\u00e4ngt davon ab, inwieweit die neue Software die Gesch\u00e4ftsprozesse unterst\u00fctzt, also tats\u00e4chlich eine Erleichterung f\u00fcr die Benutzer darstellt.<\/p><p>Unter unserer Leitung &#8222;\u00fcbersetzen&#8220; wir IT-Sprache in Business-Sprache und umgekehrt. Wir trainieren die Nutzergruppen und schaffen Erfolgsmomente. Das von uns so geschaffene Momentum sichert konsequent die nachhaltige \u00dcberf\u00fchrung der neuen Softwarel\u00f6sung in das Tagesgesch\u00e4ft der Zielgruppen.<\/p><\/div>\n\t\t\t\t\t\t\t\t\t<div class=\"elementor-tab-title elementor-tab-mobile-title\" aria-selected=\"false\" data-tab=\"3\" role=\"tab\" tabindex=\"-1\" aria-controls=\"elementor-tab-content-5583\" aria-expanded=\"false\">Prozess\u00e4nderungen<\/div>\n\t\t\t\t\t<div id=\"elementor-tab-content-5583\" class=\"elementor-tab-content elementor-clearfix\" data-tab=\"3\" role=\"tabpanel\" aria-labelledby=\"elementor-tab-title-5583\" tabindex=\"0\" hidden=\"hidden\"><p><img decoding=\"async\" class=\"wp-image-1585 size-medium alignleft\" src=\"https:\/\/qn-training.com\/wp-content\/uploads\/2025\/10\/P_Fusionen_1200-300x168.png\" alt=\"\" width=\"300\" height=\"168\" srcset=\"https:\/\/qn-training.com\/wp-content\/uploads\/2025\/10\/P_Fusionen_1200-300x168.png 300w, https:\/\/qn-training.com\/wp-content\/uploads\/2025\/10\/P_Fusionen_1200-1024x573.png 1024w, https:\/\/qn-training.com\/wp-content\/uploads\/2025\/10\/P_Fusionen_1200-768x429.png 768w, https:\/\/qn-training.com\/wp-content\/uploads\/2025\/10\/P_Fusionen_1200-18x10.png 18w, https:\/\/qn-training.com\/wp-content\/uploads\/2025\/10\/P_Fusionen_1200.png 1200w\" sizes=\"(max-width: 300px) 100vw, 300px\" \/><\/p><p>Gesch\u00e4ftsgrundlagen und Rahmenbedingungen \u00e4ndern sich. Organisationen m\u00fcssen, sich daran anpassen und gewohnte Routinen und Prozesse \u00e4ndern. Aber wollen die betroffenen F\u00fchrungskr\u00e4fte und Mitarbeiter das auch?<\/p><p>In derartigen Projekten achten wir sehr genau darauf, alle Betroffenen mitzunehmen. Nicht nur auf der rationalen sondern auch auf der emotionalen Ebene. Wir trainieren, coachen und schaffen Zusammenhalt. Damit erreichen wir nachhaltige Wirkungen.<\/p><\/div>\n\t\t\t\t\t\t\t\t\t<div class=\"elementor-tab-title elementor-tab-mobile-title\" aria-selected=\"false\" data-tab=\"4\" role=\"tab\" tabindex=\"-1\" aria-controls=\"elementor-tab-content-5584\" aria-expanded=\"false\">Organisationsentwicklungen<\/div>\n\t\t\t\t\t<div id=\"elementor-tab-content-5584\" class=\"elementor-tab-content elementor-clearfix\" data-tab=\"4\" role=\"tabpanel\" aria-labelledby=\"elementor-tab-title-5584\" tabindex=\"0\" hidden=\"hidden\"><p><img loading=\"lazy\" decoding=\"async\" class=\"wp-image-1594 size-medium alignleft\" src=\"https:\/\/qn-training.com\/wp-content\/uploads\/2025\/10\/P_Organisation_1200-300x222.png\" alt=\"\" width=\"300\" height=\"222\" srcset=\"https:\/\/qn-training.com\/wp-content\/uploads\/2025\/10\/P_Organisation_1200-300x222.png 300w, https:\/\/qn-training.com\/wp-content\/uploads\/2025\/10\/P_Organisation_1200-1024x757.png 1024w, https:\/\/qn-training.com\/wp-content\/uploads\/2025\/10\/P_Organisation_1200-768x568.png 768w, https:\/\/qn-training.com\/wp-content\/uploads\/2025\/10\/P_Organisation_1200-16x12.png 16w, https:\/\/qn-training.com\/wp-content\/uploads\/2025\/10\/P_Organisation_1200.png 1200w\" sizes=\"(max-width: 300px) 100vw, 300px\" \/><\/p><p><!--StartFragment --><\/p><p><span class=\"cf0\">Neue Strategien f\u00fcr Organisationen erfordern in der Regel \u00c4nderungen in der Organisation, ver\u00e4nderte F\u00fchrungsstrukturen, angepasste Abl\u00e4ufe, ein neues Miteinander.<\/span><\/p><p><span class=\"cf0\">Projekte dieser Art sind tiefgreifend und haben kritischen Einfluss auf das Bestehen der Organisation im Markt. Daher achten wir von Anfang an darauf, dass die an Bord befindliche Mannschafft sich <\/span><span class=\"cf1\">nicht<\/span><span class=\"cf0\"> aufteilt in Gewinner und Verlierer. <\/span><span class=\"cf0\">Zusammenhalt<\/span><span class=\"cf0\"> und Zusammenarbeit, <\/span><span class=\"cf0\">jeder<\/span><span class=\"cf0\"> Beteiligte ist in seiner Rolle und Aufgabe wichtig f\u00fcr die weitere Entwicklung. Diesen <\/span><span class=\"cf0\">Grundgedanken<\/span><span class=\"cf0\"> unterst\u00fctzen wir durch Teamentwicklung, Beratung und Coaching, sowie einer klaren und wertsch\u00e4tzenden Kommunikation.<\/span><!--EndFragment --><\/p><\/div>\n\t\t\t\t\t\t\t<\/div>\n\t\t<\/div>\n\t\t\t\t\t\t<\/div>\n\t\t\t\t<\/div>\n\t\t\t\t\t<\/div>\n\t\t<\/div>\n\t\t\t\t\t<\/div>\n\t\t<\/section>\n\t\t\t\t<div class=\"elementor-element elementor-element-848ffec elementor-widget-divider--view-line_text elementor-hidden-mobile elementor-widget-divider--element-align-center elementor-widget elementor-widget-divider\" data-id=\"848ffec\" data-element_type=\"widget\" data-e-type=\"widget\" data-widget_type=\"divider.default\">\n\t\t\t\t<div class=\"elementor-widget-container\">\n\t\t\t\t\t\t\t<div class=\"elementor-divider\">\n\t\t\t<span class=\"elementor-divider-separator\">\n\t\t\t\t\t\t\t<span class=\"elementor-divider__text elementor-divider__element\">\n\t\t\t\tIch unterst\u00fctze meine Kunden in der:\t\t\t\t<\/span>\n\t\t\t\t\t\t<\/span>\n\t\t<\/div>\n\t\t\t\t\t\t<\/div>\n\t\t\t\t<\/div>\n\t\t\t\t<section class=\"elementor-section elementor-inner-section elementor-element elementor-element-b01b842 elementor-section-boxed elementor-section-height-default elementor-section-height-default\" data-id=\"b01b842\" data-element_type=\"section\" data-e-type=\"section\" data-settings=\"{&quot;background_background&quot;:&quot;classic&quot;}\">\n\t\t\t\t\t\t<div class=\"elementor-container elementor-column-gap-default\">\n\t\t\t\t\t<div class=\"elementor-column elementor-col-100 elementor-inner-column elementor-element elementor-element-2956b95\" data-id=\"2956b95\" data-element_type=\"column\" data-e-type=\"column\" data-settings=\"{&quot;background_background&quot;:&quot;classic&quot;}\">\n\t\t\t<div class=\"elementor-widget-wrap elementor-element-populated\">\n\t\t\t\t\t\t<div class=\"elementor-element elementor-element-cb5d52a elementor-widget elementor-widget-heading\" data-id=\"cb5d52a\" data-element_type=\"widget\" data-e-type=\"widget\" data-widget_type=\"heading.default\">\n\t\t\t\t<div class=\"elementor-widget-container\">\n\t\t\t\t\t<h1 class=\"elementor-heading-title elementor-size-default\"><b>Konzeption, Vorbereitung<\/b> und <b>Umsetzung<\/b> ihrer Ver\u00e4nderungsprojekte.<\/h1>\t\t\t\t<\/div>\n\t\t\t\t<\/div>\n\t\t\t\t\t<\/div>\n\t\t<\/div>\n\t\t\t\t\t<\/div>\n\t\t<\/section>\n\t\t\t\t\t<\/div>\n\t\t<\/div>\n\t\t\t\t\t<\/div>\n\t\t<\/section>\n\t\t\t\t<\/div>","protected":false},"excerpt":{"rendered":"<p>Projektleitung \u201eWir k\u00f6nnen die Windrichtung nicht bestimmen, aber wir k\u00f6nnen die Segel richtig setzen (Aristoteles) Mit einem Engagement zur Leitung von Changeprojekten k\u00f6nnen meine Klienten von mir erwarten, dass \u2026 Ergebnisorientiert \u2026 es zeitlich, inhaltlich und emotional diszipliniert verl\u00e4uft und mit einem Ergebnis abschlie\u00dft. Flexibel \u2026 wenn sich Rahmenbedingungen und Anforderungen \u00e4ndern, sich auch Abl\u00e4ufe [&hellip;]<\/p>\n","protected":false},"author":1,"featured_media":0,"parent":0,"menu_order":0,"comment_status":"closed","ping_status":"closed","template":"elementor_header_footer","meta":{"footnotes":""},"folder":[],"class_list":["post-182","page","type-page","status-publish","hentry"],"_links":{"self":[{"href":"https:\/\/qn-training.com\/en\/wp-json\/wp\/v2\/pages\/182","targetHints":{"allow":["GET"]}}],"collection":[{"href":"https:\/\/qn-training.com\/en\/wp-json\/wp\/v2\/pages"}],"about":[{"href":"https:\/\/qn-training.com\/en\/wp-json\/wp\/v2\/types\/page"}],"author":[{"embeddable":true,"href":"https:\/\/qn-training.com\/en\/wp-json\/wp\/v2\/users\/1"}],"replies":[{"embeddable":true,"href":"https:\/\/qn-training.com\/en\/wp-json\/wp\/v2\/comments?post=182"}],"version-history":[{"count":45,"href":"https:\/\/qn-training.com\/en\/wp-json\/wp\/v2\/pages\/182\/revisions"}],"predecessor-version":[{"id":1700,"href":"https:\/\/qn-training.com\/en\/wp-json\/wp\/v2\/pages\/182\/revisions\/1700"}],"wp:attachment":[{"href":"https:\/\/qn-training.com\/en\/wp-json\/wp\/v2\/media?parent=182"}],"wp:term":[{"taxonomy":"folder","embeddable":true,"href":"https:\/\/qn-training.com\/en\/wp-json\/wp\/v2\/folder?post=182"}],"curies":[{"name":"wp","href":"https:\/\/api.w.org\/{rel}","templated":true}]}}