{"id":1142,"date":"2025-06-25T15:37:09","date_gmt":"2025-06-25T15:37:09","guid":{"rendered":"https:\/\/qn-training.com\/?page_id=1142"},"modified":"2025-06-25T16:24:24","modified_gmt":"2025-06-25T16:24:24","slug":"veranstaltungsbedingungen","status":"publish","type":"page","link":"https:\/\/qn-training.com\/en\/veranstaltungsbedingungen\/","title":{"rendered":"Training | Veranstaltungsbedingungen"},"content":{"rendered":"<div data-elementor-type=\"wp-page\" data-elementor-id=\"1142\" class=\"elementor elementor-1142\" data-elementor-post-type=\"page\">\n\t\t\t\t\t\t<section class=\"elementor-section elementor-top-section elementor-element elementor-element-a7496b9 elementor-section-height-min-height elementor-section-boxed elementor-section-height-default elementor-section-items-middle\" data-id=\"a7496b9\" data-element_type=\"section\" data-e-type=\"section\" data-settings=\"{&quot;background_background&quot;:&quot;classic&quot;}\">\n\t\t\t\t\t\t\t<div class=\"elementor-background-overlay\"><\/div>\n\t\t\t\t\t\t\t<div class=\"elementor-container elementor-column-gap-default\">\n\t\t\t\t\t<div class=\"elementor-column elementor-col-100 elementor-top-column elementor-element elementor-element-23ff9e2\" data-id=\"23ff9e2\" data-element_type=\"column\" data-e-type=\"column\">\n\t\t\t<div class=\"elementor-widget-wrap elementor-element-populated\">\n\t\t\t\t\t\t<div class=\"elementor-element elementor-element-8d62f41 elementor-widget-divider--view-line_text elementor-widget-divider--element-align-center elementor-widget elementor-widget-divider\" data-id=\"8d62f41\" data-element_type=\"widget\" data-e-type=\"widget\" data-widget_type=\"divider.default\">\n\t\t\t\t<div class=\"elementor-widget-container\">\n\t\t\t\t\t\t\t<div class=\"elementor-divider\">\n\t\t\t<span class=\"elementor-divider-separator\">\n\t\t\t\t\t\t\t<span class=\"elementor-divider__text elementor-divider__element\">\n\t\t\t\tVeranstaltungsbedingung\t\t\t\t<\/span>\n\t\t\t\t\t\t<\/span>\n\t\t<\/div>\n\t\t\t\t\t\t<\/div>\n\t\t\t\t<\/div>\n\t\t\t\t<div class=\"elementor-element elementor-element-44fb11d elementor-widget-divider--view-line elementor-widget elementor-widget-divider\" data-id=\"44fb11d\" data-element_type=\"widget\" data-e-type=\"widget\" data-widget_type=\"divider.default\">\n\t\t\t\t<div class=\"elementor-widget-container\">\n\t\t\t\t\t\t\t<div class=\"elementor-divider\">\n\t\t\t<span class=\"elementor-divider-separator\">\n\t\t\t\t\t\t<\/span>\n\t\t<\/div>\n\t\t\t\t\t\t<\/div>\n\t\t\t\t<\/div>\n\t\t\t\t\t<\/div>\n\t\t<\/div>\n\t\t\t\t\t<\/div>\n\t\t<\/section>\n\t\t\t\t<section class=\"elementor-section elementor-top-section elementor-element elementor-element-12becf9 elementor-section-boxed elementor-section-height-default elementor-section-height-default\" data-id=\"12becf9\" data-element_type=\"section\" data-e-type=\"section\">\n\t\t\t\t\t\t<div class=\"elementor-container elementor-column-gap-default\">\n\t\t\t\t\t<div class=\"elementor-column elementor-col-50 elementor-top-column elementor-element elementor-element-5c0a3870\" data-id=\"5c0a3870\" data-element_type=\"column\" data-e-type=\"column\">\n\t\t\t<div class=\"elementor-widget-wrap elementor-element-populated\">\n\t\t\t\t\t\t<section class=\"elementor-section elementor-inner-section elementor-element elementor-element-5f633bd2 elementor-section-content-middle elementor-section-boxed elementor-section-height-default elementor-section-height-default\" data-id=\"5f633bd2\" data-element_type=\"section\" data-e-type=\"section\">\n\t\t\t\t\t\t<div class=\"elementor-container elementor-column-gap-default\">\n\t\t\t\t\t<div class=\"elementor-column elementor-col-100 elementor-inner-column elementor-element elementor-element-13decb2\" data-id=\"13decb2\" data-element_type=\"column\" data-e-type=\"column\">\n\t\t\t<div class=\"elementor-widget-wrap elementor-element-populated\">\n\t\t\t\t\t\t<div class=\"elementor-element elementor-element-6043656a elementor-widget elementor-widget-heading\" data-id=\"6043656a\" data-element_type=\"widget\" data-e-type=\"widget\" data-widget_type=\"heading.default\">\n\t\t\t\t<div class=\"elementor-widget-container\">\n\t\t\t\t\t<h2 class=\"elementor-heading-title elementor-size-default\">Allgemeine Gesch\u00e4ftsbedingungen<\/h2>\t\t\t\t<\/div>\n\t\t\t\t<\/div>\n\t\t\t\t<div class=\"elementor-element elementor-element-64b7c6b elementor-widget-divider--view-line elementor-widget elementor-widget-divider\" data-id=\"64b7c6b\" data-element_type=\"widget\" data-e-type=\"widget\" data-widget_type=\"divider.default\">\n\t\t\t\t<div class=\"elementor-widget-container\">\n\t\t\t\t\t\t\t<div class=\"elementor-divider\">\n\t\t\t<span class=\"elementor-divider-separator\">\n\t\t\t\t\t\t<\/span>\n\t\t<\/div>\n\t\t\t\t\t\t<\/div>\n\t\t\t\t<\/div>\n\t\t\t\t\t<\/div>\n\t\t<\/div>\n\t\t\t\t\t<\/div>\n\t\t<\/section>\n\t\t\t\t<section class=\"elementor-section elementor-inner-section elementor-element elementor-element-51f77947 elementor-section-content-middle elementor-section-boxed elementor-section-height-default elementor-section-height-default\" data-id=\"51f77947\" data-element_type=\"section\" data-e-type=\"section\">\n\t\t\t\t\t\t<div class=\"elementor-container elementor-column-gap-default\">\n\t\t\t\t\t<div class=\"elementor-column elementor-col-100 elementor-inner-column elementor-element elementor-element-626e4e6f\" data-id=\"626e4e6f\" data-element_type=\"column\" data-e-type=\"column\">\n\t\t\t<div class=\"elementor-widget-wrap elementor-element-populated\">\n\t\t\t\t\t\t<div class=\"elementor-element elementor-element-ffcb478 elementor-widget elementor-widget-text-editor\" data-id=\"ffcb478\" data-element_type=\"widget\" data-e-type=\"widget\" data-widget_type=\"text-editor.default\">\n\t\t\t\t<div class=\"elementor-widget-container\">\n\t\t\t\t\t\t\t\t\t<p><span style=\"color: #000000;\">Die vollst\u00e4ndigen Allgemeinen Gesch\u00e4ftsbedingungen vom Veranstalter k\u00f6nnen Sie <strong>hier<\/strong> herunterladen. Nachfolgend finden Sie einen Auszug aus den besonderen Bedingungen f\u00fcr Veranstaltungen und Schulungen.<\/span><\/p>\t\t\t\t\t\t\t\t<\/div>\n\t\t\t\t<\/div>\n\t\t\t\t\t<\/div>\n\t\t<\/div>\n\t\t\t\t\t<\/div>\n\t\t<\/section>\n\t\t\t\t<div class=\"elementor-element elementor-element-e33fd4a elementor-widget elementor-widget-heading\" data-id=\"e33fd4a\" data-element_type=\"widget\" data-e-type=\"widget\" data-widget_type=\"heading.default\">\n\t\t\t\t<div class=\"elementor-widget-container\">\n\t\t\t\t\t<h3 class=\"elementor-heading-title elementor-size-default\">Umbuchung und Stornierung<\/h3>\t\t\t\t<\/div>\n\t\t\t\t<\/div>\n\t\t\t\t<div class=\"elementor-element elementor-element-4c7a0f1 elementor-widget elementor-widget-text-editor\" data-id=\"4c7a0f1\" data-element_type=\"widget\" data-e-type=\"widget\" data-widget_type=\"text-editor.default\">\n\t\t\t\t<div class=\"elementor-widget-container\">\n\t\t\t\t\t\t\t\t\t<ul><li class=\"whitespace-normal break-words\"><span style=\"color: #000000;\">F\u00fcr den Fall, dass der Kunde an einer Veranstaltung nicht teilnehmen kann, ist dies dem Veranstalter (Textform gen\u00fcgt) unverz\u00fcglich mitzuteilen. Eine Umbuchung auf einen anderen Termin wird im individuellen Einzelfall von uns gepr\u00fcft. Einen Anspruch hierauf hat der Kunde jedoch nicht.<\/span><\/li><li class=\"whitespace-normal break-words\"><span style=\"color: #000000;\">Eine Stornierung bis zu zwei Wochen vor Beginn eines Pr\u00e4senztermins ist f\u00fcr den Kunden kostenfrei, ebenso eine Stornierung bis zu 24 Stunden vor Beginn einer Online-Veranstaltung.<\/span><\/li><li class=\"whitespace-normal break-words\"><span style=\"color: #000000;\">Bei einer Stornierung von weniger als zwei Wochen vor Beginn eines Pr\u00e4senztermins und innerhalb von 24 Stunden vor einer Online-Veranstaltung berechnet der Veranstalter 100% der Veranstaltungsgeb\u00fchr (brutto).<\/span><\/li><li class=\"whitespace-normal break-words\"><span style=\"color: #000000;\">Sofern der Kunde nachweisen kann, dass der Veranstalter tats\u00e4chlich kein oder ein Schaden in geringerer H\u00f6he entstanden ist, entf\u00e4llt die Stornierungsgeb\u00fchr oder reduziert sich entsprechend dem Nachweis.<\/span><\/li><li class=\"whitespace-normal break-words\"><span style=\"color: #000000;\">Es steht dem Kunden frei, einen Ersatzteilnehmer zur Veranstaltung zu entsenden.<\/span><\/li><\/ul>\t\t\t\t\t\t\t\t<\/div>\n\t\t\t\t<\/div>\n\t\t\t\t<div class=\"elementor-element elementor-element-81232ca elementor-widget elementor-widget-heading\" data-id=\"81232ca\" data-element_type=\"widget\" data-e-type=\"widget\" data-widget_type=\"heading.default\">\n\t\t\t\t<div class=\"elementor-widget-container\">\n\t\t\t\t\t<h3 class=\"elementor-heading-title elementor-size-default\">Absage von Veranstaltungen und Haftungsausschluss:<\/h3>\t\t\t\t<\/div>\n\t\t\t\t<\/div>\n\t\t\t\t<div class=\"elementor-element elementor-element-0ca5593 elementor-widget elementor-widget-text-editor\" data-id=\"0ca5593\" data-element_type=\"widget\" data-e-type=\"widget\" data-widget_type=\"text-editor.default\">\n\t\t\t\t<div class=\"elementor-widget-container\">\n\t\t\t\t\t\t\t\t\t<ul><li class=\"whitespace-normal break-words\"><span style=\"color: #000000;\">Der Veranstalter beh\u00e4lt sich vor, Veranstaltungen (ausgenommen Online-Vortr\u00e4ge) wegen zu geringer Teilnehmerzahl bis sp\u00e4testens 7 Tage vor dem geplanten Veranstaltungstermin oder aus sonstigen wichtigen, nicht zu vertretenden Gr\u00fcnden (z. B. h\u00f6here Gewalt, Krankheit des Referenten) abzusagen.<\/span><\/li><li class=\"whitespace-normal break-words\"><span style=\"color: #000000;\">F\u00fcr Online-Vortr\u00e4ge gilt eine Absagefrist von 24 Stunden vor Veranstaltungsbeginn. Bereits vom Kunden entrichtete Teilnahmegeb\u00fchren werden vollst\u00e4ndig zur\u00fcckerstattet.<\/span><\/li><li class=\"whitespace-normal break-words\"><span style=\"color: #000000;\">Weitergehende Haftungs- und Schadensersatzanspr\u00fcche, die nicht die Verletzung von Leben, K\u00f6rper oder Gesundheit betreffen, sind ausgeschlossen, soweit nicht Vorsatz oder grobe Fahrl\u00e4ssigkeit der Veranstalter vorliegt. Dies gilt auch f\u00fcr vom Kunden gebuchte Hotelzimmer sowie Flug- oder Bahntickets.<\/span><\/li><\/ul>\t\t\t\t\t\t\t\t<\/div>\n\t\t\t\t<\/div>\n\t\t\t\t\t<\/div>\n\t\t<\/div>\n\t\t\t\t<div class=\"elementor-column elementor-col-50 elementor-top-column elementor-element elementor-element-aefb870 elementor-hidden-mobile\" data-id=\"aefb870\" data-element_type=\"column\" data-e-type=\"column\">\n\t\t\t<div class=\"elementor-widget-wrap elementor-element-populated\">\n\t\t\t\t\t\t<section class=\"elementor-section elementor-inner-section elementor-element elementor-element-63df7095 elementor-section-boxed elementor-section-height-default elementor-section-height-default\" data-id=\"63df7095\" data-element_type=\"section\" data-e-type=\"section\">\n\t\t\t\t\t\t<div class=\"elementor-container elementor-column-gap-default\">\n\t\t\t\t\t<div class=\"elementor-column elementor-col-100 elementor-inner-column elementor-element elementor-element-e263a2c\" data-id=\"e263a2c\" data-element_type=\"column\" data-e-type=\"column\">\n\t\t\t<div class=\"elementor-widget-wrap\">\n\t\t\t\t\t\t\t<\/div>\n\t\t<\/div>\n\t\t\t\t\t<\/div>\n\t\t<\/section>\n\t\t\t\t<section class=\"elementor-section elementor-inner-section elementor-element elementor-element-e374f3b elementor-section-boxed elementor-section-height-default elementor-section-height-default\" data-id=\"e374f3b\" data-element_type=\"section\" data-e-type=\"section\">\n\t\t\t\t\t\t<div class=\"elementor-container elementor-column-gap-default\">\n\t\t\t\t\t<div class=\"elementor-column elementor-col-100 elementor-inner-column elementor-element elementor-element-475fbce4\" data-id=\"475fbce4\" data-element_type=\"column\" data-e-type=\"column\">\n\t\t\t<div class=\"elementor-widget-wrap elementor-element-populated\">\n\t\t\t\t\t\t<div class=\"elementor-element elementor-element-92bb4f3 elementor-widget elementor-widget-heading\" data-id=\"92bb4f3\" data-element_type=\"widget\" data-e-type=\"widget\" data-widget_type=\"heading.default\">\n\t\t\t\t<div class=\"elementor-widget-container\">\n\t\t\t\t\t<h3 class=\"elementor-heading-title elementor-size-default\">Angaben zum Veranstalter<\/h3>\t\t\t\t<\/div>\n\t\t\t\t<\/div>\n\t\t\t\t<div class=\"elementor-element elementor-element-1346f081 elementor-widget elementor-widget-text-editor\" data-id=\"1346f081\" data-element_type=\"widget\" data-e-type=\"widget\" data-widget_type=\"text-editor.default\">\n\t\t\t\t<div class=\"elementor-widget-container\">\n\t\t\t\t\t\t\t\t\t<p style=\"text-align: left;\">Radko Zonsarow<br \/>Mittelweg 9<br \/>18442 L\u00fcssow<\/p><p>Radko.Zonsarow@neulernen.net<br \/>+49 3831 444 1944<\/p><p>Umsatzsteuer-Identifikationsnummer:<br \/>DE 282482294<\/p>\t\t\t\t\t\t\t\t<\/div>\n\t\t\t\t<\/div>\n\t\t\t\t\t<\/div>\n\t\t<\/div>\n\t\t\t\t\t<\/div>\n\t\t<\/section>\n\t\t\t\t<section class=\"elementor-section elementor-inner-section elementor-element elementor-element-4ff6d5a9 elementor-section-boxed elementor-section-height-default elementor-section-height-default\" data-id=\"4ff6d5a9\" data-element_type=\"section\" data-e-type=\"section\">\n\t\t\t\t\t\t<div class=\"elementor-container elementor-column-gap-default\">\n\t\t\t\t\t<div class=\"elementor-column elementor-col-100 elementor-inner-column elementor-element elementor-element-5ea0563a\" data-id=\"5ea0563a\" data-element_type=\"column\" data-e-type=\"column\">\n\t\t\t<div class=\"elementor-widget-wrap elementor-element-populated\">\n\t\t\t\t\t\t<div class=\"elementor-element elementor-element-7a1a041b elementor-widget elementor-widget-heading\" data-id=\"7a1a041b\" data-element_type=\"widget\" data-e-type=\"widget\" data-widget_type=\"heading.default\">\n\t\t\t\t<div class=\"elementor-widget-container\">\n\t\t\t\t\t<h3 class=\"elementor-heading-title elementor-size-default\">Copyright<\/h3>\t\t\t\t<\/div>\n\t\t\t\t<\/div>\n\t\t\t\t<div class=\"elementor-element elementor-element-9ad1a5a elementor-widget elementor-widget-text-editor\" data-id=\"9ad1a5a\" data-element_type=\"widget\" data-e-type=\"widget\" data-widget_type=\"text-editor.default\">\n\t\t\t\t<div class=\"elementor-widget-container\">\n\t\t\t\t\t\t\t\t\t<p class=\"whitespace-normal break-words\" style=\"text-align: left;\">Die vom Veranstalter erstellten Werke sind urheberrechtlich gesch\u00fctzt. Jede Verwertung au\u00dferhalb der engen Grenzen des Urheberrechtsgesetzes ist ohne schriftliche Zustimmung von Veranstalter unzul\u00e4ssig und strafbar. Dies gilt insbesondere f\u00fcr Vervielf\u00e4ltigungen, Bearbeitungen, \u00dcbersetzungen, Mikroverfilmungen sowie die Einspeicherung und Verarbeitung in elektronischen Systemen. Zitate sind nur unter Beachtung der gesetzlichen Bestimmungen (\u00a7 51 UrhG) und mit entsprechender Quellenangabe zul\u00e4ssig.<\/p>\n<p class=\"whitespace-normal break-words\" style=\"text-align: left;\">Die entwickelten Schulungsunterlagen sind ausschlie\u00dflich zur internen Verwendung im Unternehmen des Erwerbers bestimmt. Weiterverkauf, Weitergabe an Dritte oder Ver\u00f6ffentlichung \u2013 ganz oder teilweise \u2013 sind untersagt.<\/p>\n<p class=\"whitespace-normal break-words\" style=\"text-align: left;\">Die in den Schulungsunterlagen verwendeten Bilder und grafischen Elemente unterliegen separaten Lizenzbestimmungen. S\u00e4mtliche Abbildungen dienen ausschlie\u00dflich der Veranschaulichung der Schulungsinhalte und d\u00fcrfen nicht anderweitig verwendet werden.Ver<\/p>\t\t\t\t\t\t\t\t<\/div>\n\t\t\t\t<\/div>\n\t\t\t\t\t<\/div>\n\t\t<\/div>\n\t\t\t\t\t<\/div>\n\t\t<\/section>\n\t\t\t\t\t<\/div>\n\t\t<\/div>\n\t\t\t\t\t<\/div>\n\t\t<\/section>\n\t\t\t\t<\/div>","protected":false},"excerpt":{"rendered":"<p>Veranstaltungsbedingung Allgemeine Gesch\u00e4ftsbedingungen Die vollst\u00e4ndigen Allgemeinen Gesch\u00e4ftsbedingungen vom Veranstalter k\u00f6nnen Sie hier herunterladen. Nachfolgend finden Sie einen Auszug aus den besonderen Bedingungen f\u00fcr Veranstaltungen und Schulungen. Umbuchung und Stornierung F\u00fcr den Fall, dass der Kunde an einer Veranstaltung nicht teilnehmen kann, ist dies dem Veranstalter (Textform gen\u00fcgt) unverz\u00fcglich mitzuteilen. Eine Umbuchung auf einen anderen Termin [&hellip;]<\/p>\n","protected":false},"author":1,"featured_media":0,"parent":0,"menu_order":0,"comment_status":"closed","ping_status":"closed","template":"elementor_header_footer","meta":{"footnotes":""},"folder":[],"class_list":["post-1142","page","type-page","status-publish","hentry"],"_links":{"self":[{"href":"https:\/\/qn-training.com\/en\/wp-json\/wp\/v2\/pages\/1142","targetHints":{"allow":["GET"]}}],"collection":[{"href":"https:\/\/qn-training.com\/en\/wp-json\/wp\/v2\/pages"}],"about":[{"href":"https:\/\/qn-training.com\/en\/wp-json\/wp\/v2\/types\/page"}],"author":[{"embeddable":true,"href":"https:\/\/qn-training.com\/en\/wp-json\/wp\/v2\/users\/1"}],"replies":[{"embeddable":true,"href":"https:\/\/qn-training.com\/en\/wp-json\/wp\/v2\/comments?post=1142"}],"version-history":[{"count":22,"href":"https:\/\/qn-training.com\/en\/wp-json\/wp\/v2\/pages\/1142\/revisions"}],"predecessor-version":[{"id":1169,"href":"https:\/\/qn-training.com\/en\/wp-json\/wp\/v2\/pages\/1142\/revisions\/1169"}],"wp:attachment":[{"href":"https:\/\/qn-training.com\/en\/wp-json\/wp\/v2\/media?parent=1142"}],"wp:term":[{"taxonomy":"folder","embeddable":true,"href":"https:\/\/qn-training.com\/en\/wp-json\/wp\/v2\/folder?post=1142"}],"curies":[{"name":"wp","href":"https:\/\/api.w.org\/{rel}","templated":true}]}}